{"id":10973,"date":"2022-05-11T14:55:41","date_gmt":"2022-05-11T18:55:41","guid":{"rendered":"https:\/\/impulsocreativo.com\/AMESUP\/?page_id=10973"},"modified":"2022-05-12T10:45:15","modified_gmt":"2022-05-12T14:45:15","slug":"valvulas","status":"publish","type":"page","link":"https:\/\/impulsocreativo.com\/AMESUP\/valvulas\/","title":{"rendered":"V\u00e1lvulas"},"content":{"rendered":"<div id=\"pl-10973\"  class=\"panel-layout\" ><div id=\"pg-10973-0\"  class=\"panel-grid panel-no-style\" ><div id=\"pgc-10973-0-0\"  class=\"panel-grid-cell panel-grid-cell-empty\" ><\/div><div id=\"pgc-10973-0-1\"  class=\"panel-grid-cell panel-grid-cell-mobile-last\" ><div id=\"panel-10973-0-1-0\" class=\"so-panel widget widget_siteorigin-panels-builder panel-first-child\" data-index=\"0\" ><div id=\"pl-w627d1d7bd6fe7\"  class=\"panel-layout\" ><div id=\"pg-w627d1d7bd6fe7-0\"  class=\"panel-grid panel-no-style\" ><div id=\"pgc-w627d1d7bd6fe7-0-0\"  class=\"panel-grid-cell\" ><div id=\"panel-w627d1d7bd6fe7-0-0-0\" class=\"so-panel widget widget_sow-editor panel-first-child panel-last-child\" data-index=\"0\" ><div class=\"so-widget-sow-editor so-widget-sow-editor-base\">\n<div class=\"siteorigin-widget-tinymce textwidget\">\n\t<h4 style=\"text-align: justify;\"><span style=\"color: #333333;\"><strong>V\u00e1lvulas<\/strong><\/span><\/h4>\n<\/div>\n<\/div><\/div><\/div><div id=\"pgc-w627d1d7bd6fe7-0-1\"  class=\"panel-grid-cell\" ><div id=\"panel-w627d1d7bd6fe7-0-1-0\" class=\"so-panel widget widget_sow-image panel-first-child panel-last-child\" data-index=\"1\" ><div class=\"so-widget-sow-image so-widget-sow-image-default-2ec334f0a340-10973\">\n\n<div class=\"sow-image-container\">\n\t\t\t<a\n\t\t\thref=\"https:\/\/impulsocreativo.com\/AMESUP\/division-de-suministros\/\"\n\t\t\t\t\t>\n\t\t\t<img src=\"https:\/\/impulsocreativo.com\/AMESUP\/wp-content\/uploads\/2019\/07\/REGRESO.png\" width=\"45\" height=\"45\" sizes=\"(max-width: 45px) 100vw, 45px\" alt=\"\" loading=\"lazy\" \t\tclass=\"so-widget-image\"\/>\n\t<\/a><\/div>\n\n<\/div><\/div><\/div><\/div><\/div><\/div><div id=\"panel-10973-0-1-1\" class=\"so-panel widget widget_siteorigin-panels-builder panel-last-child\" data-index=\"1\" ><div id=\"pl-w627d1bde30186\"  class=\"panel-layout\" ><div id=\"pg-w627d1bde30186-0\"  class=\"panel-grid panel-no-style\" ><div id=\"pgc-w627d1bde30186-0-0\"  class=\"panel-grid-cell panel-grid-cell-empty\" ><\/div><div id=\"pgc-w627d1bde30186-0-1\"  class=\"panel-grid-cell\" ><div id=\"panel-w627d1bde30186-0-1-0\" class=\"so-panel widget widget_sow-editor panel-first-child panel-last-child\" data-index=\"0\" ><div class=\"so-widget-sow-editor so-widget-sow-editor-base\">\n<div class=\"siteorigin-widget-tinymce textwidget\">\n\t<p style=\"text-align: justify;\">Valvulas Forjadas y Fundidas de Acero, Acero Inoxidable y Aleaciones.<\/p>\n<ul>\n<li style=\"text-align: justify;\">Compuerta.<\/li>\n<li style=\"text-align: justify;\">Globo.<\/li>\n<li style=\"text-align: justify;\">Retenci\u00f3n.<\/li>\n<li style=\"text-align: justify;\">Mariposa.<\/li>\n<li style=\"text-align: justify;\">Tap\u00f3n.<\/li>\n<li style=\"text-align: justify;\">Bola.<\/li>\n<li style=\"text-align: justify;\">Cuchilla.<\/li>\n<li style=\"text-align: justify;\">Seguridad.<\/li>\n<\/ul>\n<\/div>\n<\/div><\/div><\/div><div id=\"pgc-w627d1bde30186-0-2\"  class=\"panel-grid-cell panel-grid-cell-mobile-last\" ><div id=\"panel-w627d1bde30186-0-2-0\" class=\"so-panel widget widget_sow-image panel-first-child panel-last-child\" data-index=\"1\" ><div class=\"so-widget-sow-image so-widget-sow-image-default-17bc2272b535-10973\">\n\n<div class=\"sow-image-container\">\n\t\t<img src=\"https:\/\/impulsocreativo.com\/AMESUP\/wp-content\/uploads\/2022\/05\/Bonney_Forge_01.jpg\" width=\"519\" height=\"247\" srcset=\"https:\/\/impulsocreativo.com\/AMESUP\/wp-content\/uploads\/2022\/05\/Bonney_Forge_01.jpg 519w, https:\/\/impulsocreativo.com\/AMESUP\/wp-content\/uploads\/2022\/05\/Bonney_Forge_01-300x143.jpg 300w\" sizes=\"(max-width: 519px) 100vw, 519px\" alt=\"\" loading=\"lazy\" \t\tclass=\"so-widget-image\"\/>\n\t<\/div>\n\n<\/div><\/div><\/div><div id=\"pgc-w627d1bde30186-0-3\"  class=\"panel-grid-cell panel-grid-cell-empty\" ><\/div><\/div><\/div><\/div><\/div><div id=\"pgc-10973-0-2\"  class=\"panel-grid-cell panel-grid-cell-empty\" ><\/div><\/div><div id=\"pg-10973-1\"  class=\"panel-grid panel-has-style\" ><div class=\"siteorigin-panels-stretch panel-row-style panel-row-style-for-10973-1\" data-stretch-type=\"full\" ><div id=\"pgc-10973-1-0\"  class=\"panel-grid-cell\" ><div id=\"panel-10973-1-0-0\" class=\"so-panel widget widget_sow-editor panel-first-child\" data-index=\"2\" ><div class=\"so-widget-sow-editor so-widget-sow-editor-base\">\n<div class=\"siteorigin-widget-tinymce textwidget\">\n\t<h4 style=\"text-align: center; margin-top: -5px; margin-bottom: -5px;\"><span style=\"color: #ffffff;\">Nuestra experiencia desde el a\u00f1o 1986 en el suministro de<\/span><\/h4>\n<h4 style=\"text-align: center; margin-top: -5px; margin-bottom: -5px;\"><span style=\"color: #ffffff;\">insumos industriales, petroleros y petroqu\u00edmicos; nos ayud\u00f3 a desarrollar<\/span><\/h4>\n<h4 style=\"text-align: center; margin-top: -5px; margin-bottom: -5px;\"><span style=\"color: #ffffff;\">un gran v\u00ednculo con Industrias del ramo, asegurando su clase de producto.<\/span><\/h4>\n<\/div>\n<\/div><\/div><div id=\"panel-10973-1-0-1\" class=\"so-panel widget widget_sow-button panel-last-child\" data-index=\"3\" ><div class=\"so-widget-sow-button so-widget-sow-button-wire-06330324aa37-10973\"><div class=\"ow-button-base ow-button-align-center\">\n\t<a href=\"https:\/\/impulsocreativo.com\/AMESUP\/contactenos\/\" class=\"ow-icon-placement-left ow-button-hover\" \t\t>\n\t\t<span>\n\t\t\t\n\t\t\tCont\u00e1ctenos\t\t<\/span>\n\t<\/a>\n<\/div>\n<\/div><\/div><\/div><\/div><\/div><div id=\"pg-10973-2\"  class=\"panel-grid panel-no-style\" ><div id=\"pgc-10973-2-0\"  class=\"panel-grid-cell\" ><div id=\"panel-10973-2-0-0\" class=\"so-panel widget widget_sow-editor panel-first-child panel-last-child\" data-index=\"4\" ><div class=\"so-widget-sow-editor so-widget-sow-editor-base\">\n<div class=\"siteorigin-widget-tinymce textwidget\">\n\t<h2 style=\"text-align: center; margin-top: 0; margin-bottom: 0;\"><span style=\"color: #000000;\"><span style=\"color: #333333;\">Marcas que representamos<\/span><\/span><\/h2>\n<\/div>\n<\/div><\/div><\/div><\/div><div id=\"pg-10973-3\"  class=\"panel-grid panel-no-style\" ><div id=\"pgc-10973-3-0\"  class=\"panel-grid-cell\" ><div id=\"panel-10973-3-0-0\" class=\"so-panel widget widget_sow-editor panel-first-child panel-last-child\" data-index=\"5\" ><div class=\"so-widget-sow-editor so-widget-sow-editor-base\">\n<div class=\"siteorigin-widget-tinymce textwidget\">\n\t<div class=\"lswssp-wrap lswssp-logo-showcase lswssp-logo-carousel-wrap lswssp-post-data-wrap lswssp-design-1  lswssp-default-height\">\r\n\t<div class=\"lswssp-logo-carousel lswssp-logo-carousel-inr-wrap lswssp-post-data-inr-wrap lswssp-tooltip-conf lswssp-clearfix\" id=\"lswssp-logo-carousel-1\" data-conf=\"{&quot;id&quot;:&quot;10166&quot;,&quot;css_class&quot;:&quot; lswssp-default-height&quot;,&quot;display_type&quot;:&quot;slider&quot;,&quot;images&quot;:[10490,10790,10493,10491,10489,10494,10492],&quot;design&quot;:&quot;design-1&quot;,&quot;show_title&quot;:false,&quot;show_desc&quot;:false,&quot;link_target&quot;:&quot;_blank&quot;,&quot;min_height&quot;:&quot;&quot;,&quot;slides_show&quot;:5,&quot;slides_scroll&quot;:1,&quot;autoplay&quot;:true,&quot;autoplay_speed&quot;:3000,&quot;speed&quot;:500,&quot;arrow&quot;:false,&quot;dots&quot;:false,&quot;loop&quot;:true,&quot;centermode&quot;:false,&quot;center_padding&quot;:0,&quot;ipad&quot;:3,&quot;tablet&quot;:3,&quot;mobile&quot;:2,&quot;unique&quot;:1,&quot;count&quot;:0,&quot;slide_to_show&quot;:5,&quot;slide_to_show_ipad&quot;:3,&quot;slide_to_show_tablet&quot;:3,&quot;slide_to_show_mobile&quot;:2}\"><div class=\"lswssp-slide lswssp-post-10490\">\r\n\t<div class=\"lswssp-slide-inner\">\r\n\t\t<div class=\"lswssp-logo-img-wrap\">\r\n\t\t\t\t\t\t\t<img class=\"lswssp-logo-img\" src=\"https:\/\/impulsocreativo.com\/AMESUP\/wp-content\/uploads\/2022\/04\/LOGO_BF.jpg\" alt=\"\" \/>\r\n\t\t\t\t\t<\/div>\r\n\r\n\t\t\t<\/div>\r\n<\/div><div class=\"lswssp-slide lswssp-post-10790\">\r\n\t<div class=\"lswssp-slide-inner\">\r\n\t\t<div class=\"lswssp-logo-img-wrap\">\r\n\t\t\t\t\t\t\t<img class=\"lswssp-logo-img\" src=\"https:\/\/impulsocreativo.com\/AMESUP\/wp-content\/uploads\/2022\/05\/LOGO_GROTH.jpg\" alt=\"\" \/>\r\n\t\t\t\t\t<\/div>\r\n\r\n\t\t\t<\/div>\r\n<\/div><div class=\"lswssp-slide lswssp-post-10493\">\r\n\t<div class=\"lswssp-slide-inner\">\r\n\t\t<div class=\"lswssp-logo-img-wrap\">\r\n\t\t\t\t\t\t\t<img class=\"lswssp-logo-img\" src=\"https:\/\/impulsocreativo.com\/AMESUP\/wp-content\/uploads\/2022\/04\/LOGO_ULMA.jpg\" alt=\"\" \/>\r\n\t\t\t\t\t<\/div>\r\n\r\n\t\t\t<\/div>\r\n<\/div><div class=\"lswssp-slide lswssp-post-10491\">\r\n\t<div class=\"lswssp-slide-inner\">\r\n\t\t<div class=\"lswssp-logo-img-wrap\">\r\n\t\t\t\t\t\t\t<img class=\"lswssp-logo-img\" src=\"https:\/\/impulsocreativo.com\/AMESUP\/wp-content\/uploads\/2022\/04\/LOGO_BRAY.jpg\" alt=\"\" \/>\r\n\t\t\t\t\t<\/div>\r\n\r\n\t\t\t<\/div>\r\n<\/div><div class=\"lswssp-slide lswssp-post-10489\">\r\n\t<div class=\"lswssp-slide-inner\">\r\n\t\t<div class=\"lswssp-logo-img-wrap\">\r\n\t\t\t\t\t\t\t<img class=\"lswssp-logo-img\" src=\"https:\/\/impulsocreativo.com\/AMESUP\/wp-content\/uploads\/2022\/04\/LOGOS_DEL_CORTE.jpg\" alt=\"\" \/>\r\n\t\t\t\t\t<\/div>\r\n\r\n\t\t\t<\/div>\r\n<\/div><div class=\"lswssp-slide lswssp-post-10494\">\r\n\t<div class=\"lswssp-slide-inner\">\r\n\t\t<div class=\"lswssp-logo-img-wrap\">\r\n\t\t\t\t\t\t\t<img class=\"lswssp-logo-img\" src=\"https:\/\/impulsocreativo.com\/AMESUP\/wp-content\/uploads\/2022\/04\/LOGOS_APOLLO_VALVES.jpg\" alt=\"\" \/>\r\n\t\t\t\t\t<\/div>\r\n\r\n\t\t\t<\/div>\r\n<\/div><div class=\"lswssp-slide lswssp-post-10492\">\r\n\t<div class=\"lswssp-slide-inner\">\r\n\t\t<div class=\"lswssp-logo-img-wrap\">\r\n\t\t\t\t\t\t\t<img class=\"lswssp-logo-img\" src=\"https:\/\/impulsocreativo.com\/AMESUP\/wp-content\/uploads\/2022\/04\/LOGO_HI_POINT_IND.jpg\" alt=\"\" \/>\r\n\t\t\t\t\t<\/div>\r\n\r\n\t\t\t<\/div>\r\n<\/div>\t<\/div>\r\n<\/div>\n<\/div>\n<\/div><\/div><\/div><\/div><div id=\"pg-10973-4\"  class=\"panel-grid panel-has-style\" ><div class=\"siteorigin-panels-stretch panel-row-style panel-row-style-for-10973-4\" data-stretch-type=\"full\" ><div id=\"pgc-10973-4-0\"  class=\"panel-grid-cell\" ><div id=\"panel-10973-4-0-0\" class=\"so-panel widget widget_sow-image panel-first-child panel-last-child\" data-index=\"6\" ><div class=\"so-widget-sow-image so-widget-sow-image-default-4b231843ec72-10492\">\n\n<div class=\"sow-image-container\">\n\t\t<img src=\"https:\/\/impulsocreativo.com\/AMESUP\/wp-content\/uploads\/2022\/04\/ARTE_INFERIOR_HOME.png\" width=\"1261\" height=\"370\" srcset=\"https:\/\/impulsocreativo.com\/AMESUP\/wp-content\/uploads\/2022\/04\/ARTE_INFERIOR_HOME.png 1261w, https:\/\/impulsocreativo.com\/AMESUP\/wp-content\/uploads\/2022\/04\/ARTE_INFERIOR_HOME-300x88.png 300w, https:\/\/impulsocreativo.com\/AMESUP\/wp-content\/uploads\/2022\/04\/ARTE_INFERIOR_HOME-1024x300.png 1024w, https:\/\/impulsocreativo.com\/AMESUP\/wp-content\/uploads\/2022\/04\/ARTE_INFERIOR_HOME-600x176.png 600w\" sizes=\"(max-width: 1261px) 100vw, 1261px\" alt=\"\" loading=\"lazy\" \t\tclass=\"so-widget-image\"\/>\n\t<\/div>\n\n<\/div><\/div><\/div><\/div><\/div><\/div>","protected":false},"excerpt":{"rendered":"<p>V\u00e1lvulas Valvulas Forjadas y Fundidas de Acero, Acero Inoxidable y Aleaciones. Compuerta. Globo. Retenci\u00f3n. Mariposa. Tap\u00f3n. Bola. Cuchilla. Seguridad. Nuestra experiencia desde el a\u00f1o 1986 en el suministro de insumos industriales, petroleros y petroqu\u00edmicos; nos ayud\u00f3 a desarrollar un gran v\u00ednculo con Industrias del ramo, asegurando su clase de producto. Marcas que representamos<\/p>\n","protected":false},"author":4,"featured_media":0,"parent":0,"menu_order":0,"comment_status":"closed","ping_status":"closed","template":"template-fullwidth.php","meta":{"_joinchat":[]},"_links":{"self":[{"href":"https:\/\/impulsocreativo.com\/AMESUP\/wp-json\/wp\/v2\/pages\/10973"}],"collection":[{"href":"https:\/\/impulsocreativo.com\/AMESUP\/wp-json\/wp\/v2\/pages"}],"about":[{"href":"https:\/\/impulsocreativo.com\/AMESUP\/wp-json\/wp\/v2\/types\/page"}],"author":[{"embeddable":true,"href":"https:\/\/impulsocreativo.com\/AMESUP\/wp-json\/wp\/v2\/users\/4"}],"replies":[{"embeddable":true,"href":"https:\/\/impulsocreativo.com\/AMESUP\/wp-json\/wp\/v2\/comments?post=10973"}],"version-history":[{"count":12,"href":"https:\/\/impulsocreativo.com\/AMESUP\/wp-json\/wp\/v2\/pages\/10973\/revisions"}],"predecessor-version":[{"id":10992,"href":"https:\/\/impulsocreativo.com\/AMESUP\/wp-json\/wp\/v2\/pages\/10973\/revisions\/10992"}],"wp:attachment":[{"href":"https:\/\/impulsocreativo.com\/AMESUP\/wp-json\/wp\/v2\/media?parent=10973"}],"curies":[{"name":"wp","href":"https:\/\/api.w.org\/{rel}","templated":true}]}}